{"id":227035,"date":"2025-12-05T12:48:32","date_gmt":"2025-12-05T11:48:32","guid":{"rendered":"https:\/\/fundacioncarf.org\/?page_id=227035"},"modified":"2025-12-10T12:12:10","modified_gmt":"2025-12-10T11:12:10","slug":"lleva-la-navidad-donde-nunca-imaginaste","status":"publish","type":"page","link":"https:\/\/fundacioncarf.org\/pt\/donar\/lleva-la-navidad-donde-nunca-imaginaste\/","title":{"rendered":"Natal - 2025"},"content":{"rendered":"","protected":false},"excerpt":{"rendered":"<p>A Funda\u00e7\u00e3o CARF prop\u00f5e um Natal solid\u00e1rio que ultrapassa fronteiras: uma viagem simb\u00f3lica \u00e0 Nig\u00e9ria, Venezuela, Angola ou China para apoiar a forma\u00e7\u00e3o de padres que levam esperan\u00e7a a comunidades esquecidas do mundo. Ofere\u00e7a forma\u00e7\u00e3o integral a seminaristas e padres diocesanos de todo o mundo. Eles mudar\u00e3o a sua vida sem que se aperceba!<\/p>","protected":false},"author":5,"featured_media":0,"parent":170000,"menu_order":0,"comment_status":"closed","ping_status":"closed","template":"","meta":{"_acf_changed":false,"give_campaign_id":0,"footnotes":""},"class_list":["post-227035","page","type-page","status-publish","hentry"],"acf":[],"campaignId":"0","_links":{"self":[{"href":"https:\/\/fundacioncarf.org\/pt\/wp-json\/wp\/v2\/pages\/227035","targetHints":{"allow":["GET"]}}],"collection":[{"href":"https:\/\/fundacioncarf.org\/pt\/wp-json\/wp\/v2\/pages"}],"about":[{"href":"https:\/\/fundacioncarf.org\/pt\/wp-json\/wp\/v2\/types\/page"}],"author":[{"embeddable":true,"href":"https:\/\/fundacioncarf.org\/pt\/wp-json\/wp\/v2\/users\/5"}],"replies":[{"embeddable":true,"href":"https:\/\/fundacioncarf.org\/pt\/wp-json\/wp\/v2\/comments?post=227035"}],"version-history":[{"count":4,"href":"https:\/\/fundacioncarf.org\/pt\/wp-json\/wp\/v2\/pages\/227035\/revisions"}],"predecessor-version":[{"id":227128,"href":"https:\/\/fundacioncarf.org\/pt\/wp-json\/wp\/v2\/pages\/227035\/revisions\/227128"}],"up":[{"embeddable":true,"href":"https:\/\/fundacioncarf.org\/pt\/wp-json\/wp\/v2\/pages\/170000"}],"wp:attachment":[{"href":"https:\/\/fundacioncarf.org\/pt\/wp-json\/wp\/v2\/media?parent=227035"}],"curies":[{"name":"wp","href":"https:\/\/api.w.org\/{rel}","templated":true}]}}