{"id":217496,"date":"2025-07-10T08:47:01","date_gmt":"2025-07-10T06:47:01","guid":{"rendered":"https:\/\/staging.fundacioncarf.org\/?page_id=217496"},"modified":"2025-08-08T12:21:03","modified_gmt":"2025-08-08T10:21:03","slug":"testigos-video-documental-carf-sacerdotes","status":"publish","type":"page","link":"https:\/\/fundacioncarf.org\/pt\/testigos-video-documental-carf-sacerdotes\/","title":{"rendered":"Witnesses, um document\u00e1rio da Funda\u00e7\u00e3o CARF"},"content":{"rendered":"","protected":false},"excerpt":{"rendered":"<p>\"Witnesses\" \u00e9 um document\u00e1rio que revela a marca profunda deixada no seu pa\u00eds por um padre bem formado. O seu regresso, de Roma e Pamplona para os cantos mais long\u00ednquos do mundo, transforma vidas e sociedades inteiras. Descubra duas destas hist\u00f3rias.<\/p>","protected":false},"author":4,"featured_media":217506,"parent":0,"menu_order":0,"comment_status":"closed","ping_status":"closed","template":"","meta":{"_acf_changed":false,"give_campaign_id":0,"footnotes":""},"class_list":["post-217496","page","type-page","status-publish","has-post-thumbnail","hentry"],"acf":[],"campaignId":"0","_links":{"self":[{"href":"https:\/\/fundacioncarf.org\/pt\/wp-json\/wp\/v2\/pages\/217496","targetHints":{"allow":["GET"]}}],"collection":[{"href":"https:\/\/fundacioncarf.org\/pt\/wp-json\/wp\/v2\/pages"}],"about":[{"href":"https:\/\/fundacioncarf.org\/pt\/wp-json\/wp\/v2\/types\/page"}],"author":[{"embeddable":true,"href":"https:\/\/fundacioncarf.org\/pt\/wp-json\/wp\/v2\/users\/4"}],"replies":[{"embeddable":true,"href":"https:\/\/fundacioncarf.org\/pt\/wp-json\/wp\/v2\/comments?post=217496"}],"version-history":[{"count":11,"href":"https:\/\/fundacioncarf.org\/pt\/wp-json\/wp\/v2\/pages\/217496\/revisions"}],"predecessor-version":[{"id":221902,"href":"https:\/\/fundacioncarf.org\/pt\/wp-json\/wp\/v2\/pages\/217496\/revisions\/221902"}],"wp:featuredmedia":[{"embeddable":true,"href":"https:\/\/fundacioncarf.org\/pt\/wp-json\/wp\/v2\/media\/217506"}],"wp:attachment":[{"href":"https:\/\/fundacioncarf.org\/pt\/wp-json\/wp\/v2\/media?parent=217496"}],"curies":[{"name":"wp","href":"https:\/\/api.w.org\/{rel}","templated":true}]}}