{"id":214689,"date":"2025-04-02T10:04:48","date_gmt":"2025-04-02T08:04:48","guid":{"rendered":"https:\/\/staging.fundacioncarf.org\/?page_id=214689"},"modified":"2025-11-13T11:46:13","modified_gmt":"2025-11-13T10:46:13","slug":"voluntariado-patronato-accion-social","status":"publish","type":"page","link":"https:\/\/fundacioncarf.org\/pt\/voluntariado-patronato-accion-social\/","title":{"rendered":"Trabalho volunt\u00e1rio do Patronato de Acci\u00f3n Social"},"content":{"rendered":"","protected":false},"excerpt":{"rendered":"<p>O Patronato de A\u00e7\u00e3o Social (PAS) \u00e9 uma entidade associada \u00e0 Funda\u00e7\u00e3o CARF. O seu objetivo \u00e9 complementar a sua atividade de servi\u00e7o \u00e0 Igreja e aos sacerdotes, coordenando toda a ajuda dos volunt\u00e1rios.<\/p>","protected":false},"author":4,"featured_media":224548,"parent":0,"menu_order":0,"comment_status":"closed","ping_status":"closed","template":"","meta":{"_acf_changed":false,"give_campaign_id":0,"footnotes":""},"class_list":["post-214689","page","type-page","status-publish","has-post-thumbnail","hentry"],"acf":[],"campaignId":"0","_links":{"self":[{"href":"https:\/\/fundacioncarf.org\/pt\/wp-json\/wp\/v2\/pages\/214689","targetHints":{"allow":["GET"]}}],"collection":[{"href":"https:\/\/fundacioncarf.org\/pt\/wp-json\/wp\/v2\/pages"}],"about":[{"href":"https:\/\/fundacioncarf.org\/pt\/wp-json\/wp\/v2\/types\/page"}],"author":[{"embeddable":true,"href":"https:\/\/fundacioncarf.org\/pt\/wp-json\/wp\/v2\/users\/4"}],"replies":[{"embeddable":true,"href":"https:\/\/fundacioncarf.org\/pt\/wp-json\/wp\/v2\/comments?post=214689"}],"version-history":[{"count":6,"href":"https:\/\/fundacioncarf.org\/pt\/wp-json\/wp\/v2\/pages\/214689\/revisions"}],"predecessor-version":[{"id":224550,"href":"https:\/\/fundacioncarf.org\/pt\/wp-json\/wp\/v2\/pages\/214689\/revisions\/224550"}],"wp:featuredmedia":[{"embeddable":true,"href":"https:\/\/fundacioncarf.org\/pt\/wp-json\/wp\/v2\/media\/224548"}],"wp:attachment":[{"href":"https:\/\/fundacioncarf.org\/pt\/wp-json\/wp\/v2\/media?parent=214689"}],"curies":[{"name":"wp","href":"https:\/\/api.w.org\/{rel}","templated":true}]}}