{"id":179645,"date":"2023-03-12T19:24:06","date_gmt":"2023-03-12T18:24:06","guid":{"rendered":"https:\/\/carfundacion.roymo.info\/?page_id=179645"},"modified":"2025-11-13T10:59:08","modified_gmt":"2025-11-13T09:59:08","slug":"desde-el-cielo","status":"publish","type":"page","link":"https:\/\/fundacioncarf.org\/pt\/desde-el-cielo\/","title":{"rendered":"Do C\u00e9u"},"content":{"rendered":"","protected":false},"excerpt":{"rendered":"<p>Mem\u00f3ria dedicada aos benfeitores falecidos que tornaram poss\u00edvel a forma\u00e7\u00e3o de milhares de padres, seminaristas e religiosos todos os anos. Eles ajudam-nos agora do c\u00e9u.<\/p>","protected":false},"author":5,"featured_media":226578,"parent":0,"menu_order":0,"comment_status":"closed","ping_status":"closed","template":"","meta":{"_acf_changed":false,"give_campaign_id":0,"footnotes":""},"class_list":["post-179645","page","type-page","status-publish","has-post-thumbnail","hentry"],"acf":[],"campaignId":"","_links":{"self":[{"href":"https:\/\/fundacioncarf.org\/pt\/wp-json\/wp\/v2\/pages\/179645","targetHints":{"allow":["GET"]}}],"collection":[{"href":"https:\/\/fundacioncarf.org\/pt\/wp-json\/wp\/v2\/pages"}],"about":[{"href":"https:\/\/fundacioncarf.org\/pt\/wp-json\/wp\/v2\/types\/page"}],"author":[{"embeddable":true,"href":"https:\/\/fundacioncarf.org\/pt\/wp-json\/wp\/v2\/users\/5"}],"replies":[{"embeddable":true,"href":"https:\/\/fundacioncarf.org\/pt\/wp-json\/wp\/v2\/comments?post=179645"}],"version-history":[{"count":3,"href":"https:\/\/fundacioncarf.org\/pt\/wp-json\/wp\/v2\/pages\/179645\/revisions"}],"predecessor-version":[{"id":226582,"href":"https:\/\/fundacioncarf.org\/pt\/wp-json\/wp\/v2\/pages\/179645\/revisions\/226582"}],"wp:featuredmedia":[{"embeddable":true,"href":"https:\/\/fundacioncarf.org\/pt\/wp-json\/wp\/v2\/media\/226578"}],"wp:attachment":[{"href":"https:\/\/fundacioncarf.org\/pt\/wp-json\/wp\/v2\/media?parent=179645"}],"curies":[{"name":"wp","href":"https:\/\/api.w.org\/{rel}","templated":true}]}}