{"id":179643,"date":"2024-03-12T17:48:03","date_gmt":"2024-03-12T16:48:03","guid":{"rendered":"https:\/\/carfundacion.roymo.info\/?page_id=179643"},"modified":"2026-04-07T16:43:37","modified_gmt":"2026-04-07T14:43:37","slug":"informe-de-gestion","status":"publish","type":"page","link":"https:\/\/fundacioncarf.org\/pt\/conoce-fundacion-carf\/endowment-fondo-dotacion\/informe-de-gestion\/","title":{"rendered":"Relat\u00f3rio de gest\u00e3o da dota\u00e7\u00e3o"},"content":{"rendered":"","protected":false},"excerpt":{"rendered":"<p>O objetivo do fundo de dota\u00e7\u00e3o da Funda\u00e7\u00e3o CARF \u00e9 permitir-lhe conceder mais bolsas de estudo. Consulte o relat\u00f3rio.<\/p>","protected":false},"author":4,"featured_media":178906,"parent":173941,"menu_order":0,"comment_status":"closed","ping_status":"closed","template":"","meta":{"_acf_changed":false,"give_campaign_id":0,"footnotes":""},"class_list":["post-179643","page","type-page","status-publish","has-post-thumbnail","hentry"],"acf":[],"campaignId":"","_links":{"self":[{"href":"https:\/\/fundacioncarf.org\/pt\/wp-json\/wp\/v2\/pages\/179643","targetHints":{"allow":["GET"]}}],"collection":[{"href":"https:\/\/fundacioncarf.org\/pt\/wp-json\/wp\/v2\/pages"}],"about":[{"href":"https:\/\/fundacioncarf.org\/pt\/wp-json\/wp\/v2\/types\/page"}],"author":[{"embeddable":true,"href":"https:\/\/fundacioncarf.org\/pt\/wp-json\/wp\/v2\/users\/4"}],"replies":[{"embeddable":true,"href":"https:\/\/fundacioncarf.org\/pt\/wp-json\/wp\/v2\/comments?post=179643"}],"version-history":[{"count":4,"href":"https:\/\/fundacioncarf.org\/pt\/wp-json\/wp\/v2\/pages\/179643\/revisions"}],"predecessor-version":[{"id":196128,"href":"https:\/\/fundacioncarf.org\/pt\/wp-json\/wp\/v2\/pages\/179643\/revisions\/196128"}],"up":[{"embeddable":true,"href":"https:\/\/fundacioncarf.org\/pt\/wp-json\/wp\/v2\/pages\/173941"}],"wp:featuredmedia":[{"embeddable":true,"href":"https:\/\/fundacioncarf.org\/pt\/wp-json\/wp\/v2\/media\/178906"}],"wp:attachment":[{"href":"https:\/\/fundacioncarf.org\/pt\/wp-json\/wp\/v2\/media?parent=179643"}],"curies":[{"name":"wp","href":"https:\/\/api.w.org\/{rel}","templated":true}]}}