{"id":179636,"date":"2023-03-09T22:12:25","date_gmt":"2023-03-09T21:12:25","guid":{"rendered":"https:\/\/carfundacion.roymo.info\/?page_id=179636"},"modified":"2025-06-25T10:12:13","modified_gmt":"2025-06-25T08:12:13","slug":"boletines-fundacion-carf","status":"publish","type":"page","link":"https:\/\/fundacioncarf.org\/pt\/boletines-fundacion-carf\/","title":{"rendered":"Boletins informativos"},"content":{"rendered":"","protected":false},"excerpt":{"rendered":"<p>Nesta p\u00e1gina do s\u00edtio Web da Funda\u00e7\u00e3o CARF, pode descarregar os boletins semestrais.<\/p>","protected":false},"author":4,"featured_media":194925,"parent":0,"menu_order":0,"comment_status":"closed","ping_status":"closed","template":"","meta":{"_acf_changed":false,"give_campaign_id":0,"footnotes":""},"class_list":["post-179636","page","type-page","status-publish","has-post-thumbnail","hentry"],"acf":[],"campaignId":"0","_links":{"self":[{"href":"https:\/\/fundacioncarf.org\/pt\/wp-json\/wp\/v2\/pages\/179636","targetHints":{"allow":["GET"]}}],"collection":[{"href":"https:\/\/fundacioncarf.org\/pt\/wp-json\/wp\/v2\/pages"}],"about":[{"href":"https:\/\/fundacioncarf.org\/pt\/wp-json\/wp\/v2\/types\/page"}],"author":[{"embeddable":true,"href":"https:\/\/fundacioncarf.org\/pt\/wp-json\/wp\/v2\/users\/4"}],"replies":[{"embeddable":true,"href":"https:\/\/fundacioncarf.org\/pt\/wp-json\/wp\/v2\/comments?post=179636"}],"version-history":[{"count":3,"href":"https:\/\/fundacioncarf.org\/pt\/wp-json\/wp\/v2\/pages\/179636\/revisions"}],"predecessor-version":[{"id":216942,"href":"https:\/\/fundacioncarf.org\/pt\/wp-json\/wp\/v2\/pages\/179636\/revisions\/216942"}],"wp:featuredmedia":[{"embeddable":true,"href":"https:\/\/fundacioncarf.org\/pt\/wp-json\/wp\/v2\/media\/194925"}],"wp:attachment":[{"href":"https:\/\/fundacioncarf.org\/pt\/wp-json\/wp\/v2\/media?parent=179636"}],"curies":[{"name":"wp","href":"https:\/\/api.w.org\/{rel}","templated":true}]}}