{"id":169942,"date":"2023-02-13T15:52:30","date_gmt":"2023-02-13T14:52:30","guid":{"rendered":"https:\/\/carfundacion.roymo.info\/?page_id=169942"},"modified":"2025-12-02T13:51:17","modified_gmt":"2025-12-02T12:51:17","slug":"formacion-de-sacerdotes","status":"publish","type":"page","link":"https:\/\/fundacioncarf.org\/pt\/sacerdocio\/formacion-de-sacerdotes\/","title":{"rendered":"Forma\u00e7\u00e3o de sacerdotes"},"content":{"rendered":"","protected":false},"excerpt":{"rendered":"<p>A Funda\u00e7\u00e3o CARF foi fundada a 14 de fevereiro de 1989. Dedica-se a ajudar na forma\u00e7\u00e3o de sacerdotes diocesanos e religiosos da Igreja no mundo.<\/p>","protected":false},"author":4,"featured_media":183258,"parent":169905,"menu_order":0,"comment_status":"closed","ping_status":"closed","template":"","meta":{"_acf_changed":false,"give_campaign_id":0,"footnotes":""},"class_list":["post-169942","page","type-page","status-publish","has-post-thumbnail","hentry"],"acf":[],"campaignId":"","_links":{"self":[{"href":"https:\/\/fundacioncarf.org\/pt\/wp-json\/wp\/v2\/pages\/169942","targetHints":{"allow":["GET"]}}],"collection":[{"href":"https:\/\/fundacioncarf.org\/pt\/wp-json\/wp\/v2\/pages"}],"about":[{"href":"https:\/\/fundacioncarf.org\/pt\/wp-json\/wp\/v2\/types\/page"}],"author":[{"embeddable":true,"href":"https:\/\/fundacioncarf.org\/pt\/wp-json\/wp\/v2\/users\/4"}],"replies":[{"embeddable":true,"href":"https:\/\/fundacioncarf.org\/pt\/wp-json\/wp\/v2\/comments?post=169942"}],"version-history":[{"count":5,"href":"https:\/\/fundacioncarf.org\/pt\/wp-json\/wp\/v2\/pages\/169942\/revisions"}],"predecessor-version":[{"id":226947,"href":"https:\/\/fundacioncarf.org\/pt\/wp-json\/wp\/v2\/pages\/169942\/revisions\/226947"}],"up":[{"embeddable":true,"href":"https:\/\/fundacioncarf.org\/pt\/wp-json\/wp\/v2\/pages\/169905"}],"wp:featuredmedia":[{"embeddable":true,"href":"https:\/\/fundacioncarf.org\/pt\/wp-json\/wp\/v2\/media\/183258"}],"wp:attachment":[{"href":"https:\/\/fundacioncarf.org\/pt\/wp-json\/wp\/v2\/media?parent=169942"}],"curies":[{"name":"wp","href":"https:\/\/api.w.org\/{rel}","templated":true}]}}