{"id":167416,"date":"2025-04-30T06:00:50","date_gmt":"2025-04-30T04:00:50","guid":{"rendered":"https:\/\/carfundacion.roymo.info\/?page_id=167416"},"modified":"2025-08-21T10:51:06","modified_gmt":"2025-08-21T08:51:06","slug":"conoce-fundacion-carf","status":"publish","type":"page","link":"https:\/\/fundacioncarf.org\/pt\/conoce-fundacion-carf\/","title":{"rendered":"Sobre a Funda\u00e7\u00e3o CARF"},"content":{"rendered":"","protected":false},"excerpt":{"rendered":"<p>A Funda\u00e7\u00e3o CARF trabalha para levar o sorriso de Deus a todos os cantos do mundo, rezando pelos sacerdotes, promovendo o seu bom nome e ajudando a sua forma\u00e7\u00e3o integral na Pontif\u00edcia Universidade da Santa Cruz (em Roma) e nas Faculdades Eclesi\u00e1sticas da Universidade de Navarra (Pamplona).<\/p>","protected":false},"author":4,"featured_media":190797,"parent":0,"menu_order":0,"comment_status":"closed","ping_status":"closed","template":"","meta":{"_acf_changed":false,"give_campaign_id":0,"footnotes":""},"class_list":["post-167416","page","type-page","status-publish","has-post-thumbnail","hentry"],"acf":[],"campaignId":"0","_links":{"self":[{"href":"https:\/\/fundacioncarf.org\/pt\/wp-json\/wp\/v2\/pages\/167416","targetHints":{"allow":["GET"]}}],"collection":[{"href":"https:\/\/fundacioncarf.org\/pt\/wp-json\/wp\/v2\/pages"}],"about":[{"href":"https:\/\/fundacioncarf.org\/pt\/wp-json\/wp\/v2\/types\/page"}],"author":[{"embeddable":true,"href":"https:\/\/fundacioncarf.org\/pt\/wp-json\/wp\/v2\/users\/4"}],"replies":[{"embeddable":true,"href":"https:\/\/fundacioncarf.org\/pt\/wp-json\/wp\/v2\/comments?post=167416"}],"version-history":[{"count":8,"href":"https:\/\/fundacioncarf.org\/pt\/wp-json\/wp\/v2\/pages\/167416\/revisions"}],"predecessor-version":[{"id":224206,"href":"https:\/\/fundacioncarf.org\/pt\/wp-json\/wp\/v2\/pages\/167416\/revisions\/224206"}],"wp:featuredmedia":[{"embeddable":true,"href":"https:\/\/fundacioncarf.org\/pt\/wp-json\/wp\/v2\/media\/190797"}],"wp:attachment":[{"href":"https:\/\/fundacioncarf.org\/pt\/wp-json\/wp\/v2\/media?parent=167416"}],"curies":[{"name":"wp","href":"https:\/\/api.w.org\/{rel}","templated":true}]}}