{"id":229292,"date":"2026-04-16T09:00:47","date_gmt":"2026-04-16T07:00:47","guid":{"rendered":"https:\/\/fundacioncarf.org\/?page_id=229292"},"modified":"2026-04-16T20:55:45","modified_gmt":"2026-04-16T18:55:45","slug":"haz-que-el-sueno-del-papa-se-cumpla","status":"publish","type":"page","link":"https:\/\/fundacioncarf.org\/pl\/haz-que-el-sueno-del-papa-se-cumpla\/","title":{"rendered":"Prosz\u0119 spe\u0142ni\u0107 marzenie papie\u017ca"},"content":{"rendered":"","protected":false},"excerpt":{"rendered":"<p>Fundacja CARF pragnie, aby spe\u0142ni\u0142o si\u0119 marzenie papie\u017ca Leona XIV. Aby wszyscy seminarzy\u015bci i ksi\u0119\u017ca na \u015bwiecie otrzymali solidn\u0105 integraln\u0105 formacj\u0119, nawet je\u015bli nie maj\u0105 \u015brodk\u00f3w finansowych. Z okazji podr\u00f3\u017cy papie\u017ca do Hiszpanii. Prosz\u0119 spe\u0142ni\u0107 jego marzenie.<\/p>","protected":false},"author":5,"featured_media":229318,"parent":0,"menu_order":0,"comment_status":"closed","ping_status":"closed","template":"","meta":{"_acf_changed":false,"give_campaign_id":0,"footnotes":""},"class_list":["post-229292","page","type-page","status-publish","has-post-thumbnail","hentry"],"acf":[],"campaignId":"0","_links":{"self":[{"href":"https:\/\/fundacioncarf.org\/pl\/wp-json\/wp\/v2\/pages\/229292","targetHints":{"allow":["GET"]}}],"collection":[{"href":"https:\/\/fundacioncarf.org\/pl\/wp-json\/wp\/v2\/pages"}],"about":[{"href":"https:\/\/fundacioncarf.org\/pl\/wp-json\/wp\/v2\/types\/page"}],"author":[{"embeddable":true,"href":"https:\/\/fundacioncarf.org\/pl\/wp-json\/wp\/v2\/users\/5"}],"replies":[{"embeddable":true,"href":"https:\/\/fundacioncarf.org\/pl\/wp-json\/wp\/v2\/comments?post=229292"}],"version-history":[{"count":4,"href":"https:\/\/fundacioncarf.org\/pl\/wp-json\/wp\/v2\/pages\/229292\/revisions"}],"predecessor-version":[{"id":229335,"href":"https:\/\/fundacioncarf.org\/pl\/wp-json\/wp\/v2\/pages\/229292\/revisions\/229335"}],"wp:featuredmedia":[{"embeddable":true,"href":"https:\/\/fundacioncarf.org\/pl\/wp-json\/wp\/v2\/media\/229318"}],"wp:attachment":[{"href":"https:\/\/fundacioncarf.org\/pl\/wp-json\/wp\/v2\/media?parent=229292"}],"curies":[{"name":"wp","href":"https:\/\/api.w.org\/{rel}","templated":true}]}}