{"id":227035,"date":"2025-12-05T12:48:32","date_gmt":"2025-12-05T11:48:32","guid":{"rendered":"https:\/\/fundacioncarf.org\/?page_id=227035"},"modified":"2025-12-10T12:12:10","modified_gmt":"2025-12-10T11:12:10","slug":"lleva-la-navidad-donde-nunca-imaginaste","status":"publish","type":"page","link":"https:\/\/fundacioncarf.org\/pl\/donar\/lleva-la-navidad-donde-nunca-imaginaste\/","title":{"rendered":"Bo\u017ce Narodzenie \u2013 2025 r."},"content":{"rendered":"","protected":false},"excerpt":{"rendered":"<p>Fundacja CARF proponuje solidarne Bo\u017ce Narodzenie, kt\u00f3re przekracza granice: symboliczn\u0105 podr\u00f3\u017c do Nigerii, Wenezueli, Angoli lub Chin, aby wesprze\u0107 kszta\u0142cenie ksi\u0119\u017cy, kt\u00f3rzy nios\u0105 nadziej\u0119 zapomnianym spo\u0142eczno\u015bciom na ca\u0142ym \u015bwiecie. Podaruj kompleksowe wykszta\u0142cenie seminarzystom i ksi\u0119\u017com diecezjalnym z ca\u0142ego \u015bwiata. Zmieniaj\u0105 Pa\u0144stwa \u017cycie, nie daj\u0105c Pa\u0144stwu nawet o tym wiedzie\u0107!<\/p>","protected":false},"author":5,"featured_media":0,"parent":170000,"menu_order":0,"comment_status":"closed","ping_status":"closed","template":"","meta":{"_acf_changed":false,"give_campaign_id":0,"footnotes":""},"class_list":["post-227035","page","type-page","status-publish","hentry"],"acf":[],"campaignId":"0","_links":{"self":[{"href":"https:\/\/fundacioncarf.org\/pl\/wp-json\/wp\/v2\/pages\/227035","targetHints":{"allow":["GET"]}}],"collection":[{"href":"https:\/\/fundacioncarf.org\/pl\/wp-json\/wp\/v2\/pages"}],"about":[{"href":"https:\/\/fundacioncarf.org\/pl\/wp-json\/wp\/v2\/types\/page"}],"author":[{"embeddable":true,"href":"https:\/\/fundacioncarf.org\/pl\/wp-json\/wp\/v2\/users\/5"}],"replies":[{"embeddable":true,"href":"https:\/\/fundacioncarf.org\/pl\/wp-json\/wp\/v2\/comments?post=227035"}],"version-history":[{"count":4,"href":"https:\/\/fundacioncarf.org\/pl\/wp-json\/wp\/v2\/pages\/227035\/revisions"}],"predecessor-version":[{"id":227128,"href":"https:\/\/fundacioncarf.org\/pl\/wp-json\/wp\/v2\/pages\/227035\/revisions\/227128"}],"up":[{"embeddable":true,"href":"https:\/\/fundacioncarf.org\/pl\/wp-json\/wp\/v2\/pages\/170000"}],"wp:attachment":[{"href":"https:\/\/fundacioncarf.org\/pl\/wp-json\/wp\/v2\/media?parent=227035"}],"curies":[{"name":"wp","href":"https:\/\/api.w.org\/{rel}","templated":true}]}}