{"id":217496,"date":"2025-07-10T08:47:01","date_gmt":"2025-07-10T06:47:01","guid":{"rendered":"https:\/\/staging.fundacioncarf.org\/?page_id=217496"},"modified":"2025-08-08T12:21:03","modified_gmt":"2025-08-08T10:21:03","slug":"testigos-video-documental-carf-sacerdotes","status":"publish","type":"page","link":"https:\/\/fundacioncarf.org\/pl\/testigos-video-documental-carf-sacerdotes\/","title":{"rendered":"\u015awiadkowie, film dokumentalny Fundacji CARF"},"content":{"rendered":"","protected":false},"excerpt":{"rendered":"<p>\"\u015awiadkowie\" to dokument, kt\u00f3ry ujawnia g\u0142\u0119boki \u015blad pozostawiony w jego kraju przez dobrze wyszkolonego ksi\u0119dza. Jego powr\u00f3t z Rzymu i Pampeluny do odleg\u0142ych zak\u0105tk\u00f3w \u015bwiata zmienia \u017cycie i ca\u0142e spo\u0142ecze\u0144stwa. Prosz\u0119 odkry\u0107 dwie z tych historii.<\/p>","protected":false},"author":4,"featured_media":217506,"parent":0,"menu_order":0,"comment_status":"closed","ping_status":"closed","template":"","meta":{"_acf_changed":false,"give_campaign_id":0,"footnotes":""},"class_list":["post-217496","page","type-page","status-publish","has-post-thumbnail","hentry"],"acf":[],"campaignId":"0","_links":{"self":[{"href":"https:\/\/fundacioncarf.org\/pl\/wp-json\/wp\/v2\/pages\/217496","targetHints":{"allow":["GET"]}}],"collection":[{"href":"https:\/\/fundacioncarf.org\/pl\/wp-json\/wp\/v2\/pages"}],"about":[{"href":"https:\/\/fundacioncarf.org\/pl\/wp-json\/wp\/v2\/types\/page"}],"author":[{"embeddable":true,"href":"https:\/\/fundacioncarf.org\/pl\/wp-json\/wp\/v2\/users\/4"}],"replies":[{"embeddable":true,"href":"https:\/\/fundacioncarf.org\/pl\/wp-json\/wp\/v2\/comments?post=217496"}],"version-history":[{"count":11,"href":"https:\/\/fundacioncarf.org\/pl\/wp-json\/wp\/v2\/pages\/217496\/revisions"}],"predecessor-version":[{"id":221902,"href":"https:\/\/fundacioncarf.org\/pl\/wp-json\/wp\/v2\/pages\/217496\/revisions\/221902"}],"wp:featuredmedia":[{"embeddable":true,"href":"https:\/\/fundacioncarf.org\/pl\/wp-json\/wp\/v2\/media\/217506"}],"wp:attachment":[{"href":"https:\/\/fundacioncarf.org\/pl\/wp-json\/wp\/v2\/media?parent=217496"}],"curies":[{"name":"wp","href":"https:\/\/api.w.org\/{rel}","templated":true}]}}