{"id":200792,"date":"2024-12-03T12:05:50","date_gmt":"2024-12-03T11:05:50","guid":{"rendered":"https:\/\/staging.fundacioncarf.org\/?page_id=200792"},"modified":"2025-08-07T10:43:58","modified_gmt":"2025-08-07T08:43:58","slug":"enciende-una-vela-digital-por-las-vocaciones","status":"publish","type":"page","link":"https:\/\/fundacioncarf.org\/pl\/enciende-una-vela-digital-por-las-vocaciones\/","title":{"rendered":"Cyfrowa \u015bwieca dla powo\u0142a\u0144"},"content":{"rendered":"","protected":false},"excerpt":{"rendered":"<p>Jak prosi papie\u017c Leon XIV, prosz\u0119 modli\u0107 si\u0119 o powo\u0142ania. Prosz\u0119 zapali\u0107 cyfrow\u0105 \u015bwiec\u0119 za seminarzyst\u00f3w i ksi\u0119\u017cy diecezjalnych, zakonnik\u00f3w i zakonnice, kt\u00f3rzy formuj\u0105 si\u0119, by by\u0107 \u015bwiat\u0142em \u015bwiata.<\/p>","protected":false},"author":719,"featured_media":215700,"parent":0,"menu_order":0,"comment_status":"closed","ping_status":"closed","template":"","meta":{"_acf_changed":false,"give_campaign_id":0,"footnotes":""},"class_list":["post-200792","page","type-page","status-publish","has-post-thumbnail","hentry"],"acf":[],"campaignId":"0","_links":{"self":[{"href":"https:\/\/fundacioncarf.org\/pl\/wp-json\/wp\/v2\/pages\/200792","targetHints":{"allow":["GET"]}}],"collection":[{"href":"https:\/\/fundacioncarf.org\/pl\/wp-json\/wp\/v2\/pages"}],"about":[{"href":"https:\/\/fundacioncarf.org\/pl\/wp-json\/wp\/v2\/types\/page"}],"author":[{"embeddable":true,"href":"https:\/\/fundacioncarf.org\/pl\/wp-json\/wp\/v2\/users\/719"}],"replies":[{"embeddable":true,"href":"https:\/\/fundacioncarf.org\/pl\/wp-json\/wp\/v2\/comments?post=200792"}],"version-history":[{"count":9,"href":"https:\/\/fundacioncarf.org\/pl\/wp-json\/wp\/v2\/pages\/200792\/revisions"}],"predecessor-version":[{"id":221669,"href":"https:\/\/fundacioncarf.org\/pl\/wp-json\/wp\/v2\/pages\/200792\/revisions\/221669"}],"wp:featuredmedia":[{"embeddable":true,"href":"https:\/\/fundacioncarf.org\/pl\/wp-json\/wp\/v2\/media\/215700"}],"wp:attachment":[{"href":"https:\/\/fundacioncarf.org\/pl\/wp-json\/wp\/v2\/media?parent=200792"}],"curies":[{"name":"wp","href":"https:\/\/api.w.org\/{rel}","templated":true}]}}