{"id":196147,"date":"2024-06-21T12:05:38","date_gmt":"2024-06-21T10:05:38","guid":{"rendered":"https:\/\/staging.fundacioncarf.org\/?page_id=196147"},"modified":"2025-10-21T10:15:04","modified_gmt":"2025-10-21T08:15:04","slug":"aprender-roma-universidad-pontificia-santa-cruz","status":"publish","type":"page","link":"https:\/\/fundacioncarf.org\/pl\/aprender-roma-universidad-pontificia-santa-cruz\/","title":{"rendered":"Nauka Rzymu"},"content":{"rendered":"","protected":false},"excerpt":{"rendered":"<p>Na tej stronie Fundacji CARF mog\u0105 Pa\u0144stwo dowiedzie\u0107 si\u0119, jak do\u015bwiadczy\u0107 Rzymu i pozna\u0107 go w inny spos\u00f3b z pomoc\u0105 Papieskiego Uniwersytetu \u015awi\u0119tego Krzy\u017ca. <\/p>","protected":false},"author":719,"featured_media":209944,"parent":0,"menu_order":0,"comment_status":"closed","ping_status":"closed","template":"","meta":{"_acf_changed":false,"give_campaign_id":0,"footnotes":""},"class_list":["post-196147","page","type-page","status-publish","has-post-thumbnail","hentry"],"acf":[],"campaignId":"0","_links":{"self":[{"href":"https:\/\/fundacioncarf.org\/pl\/wp-json\/wp\/v2\/pages\/196147","targetHints":{"allow":["GET"]}}],"collection":[{"href":"https:\/\/fundacioncarf.org\/pl\/wp-json\/wp\/v2\/pages"}],"about":[{"href":"https:\/\/fundacioncarf.org\/pl\/wp-json\/wp\/v2\/types\/page"}],"author":[{"embeddable":true,"href":"https:\/\/fundacioncarf.org\/pl\/wp-json\/wp\/v2\/users\/719"}],"replies":[{"embeddable":true,"href":"https:\/\/fundacioncarf.org\/pl\/wp-json\/wp\/v2\/comments?post=196147"}],"version-history":[{"count":6,"href":"https:\/\/fundacioncarf.org\/pl\/wp-json\/wp\/v2\/pages\/196147\/revisions"}],"predecessor-version":[{"id":225453,"href":"https:\/\/fundacioncarf.org\/pl\/wp-json\/wp\/v2\/pages\/196147\/revisions\/225453"}],"wp:featuredmedia":[{"embeddable":true,"href":"https:\/\/fundacioncarf.org\/pl\/wp-json\/wp\/v2\/media\/209944"}],"wp:attachment":[{"href":"https:\/\/fundacioncarf.org\/pl\/wp-json\/wp\/v2\/media?parent=196147"}],"curies":[{"name":"wp","href":"https:\/\/api.w.org\/{rel}","templated":true}]}}