{"id":184173,"date":"2023-06-07T11:08:47","date_gmt":"2023-06-07T09:08:47","guid":{"rendered":"https:\/\/staging.fundacioncarf.org\/?page_id=184173"},"modified":"2026-01-22T13:05:31","modified_gmt":"2026-01-22T12:05:31","slug":"gracias-contacto","status":"publish","type":"page","link":"https:\/\/fundacioncarf.org\/pl\/gracias-contacto\/","title":{"rendered":"Prosz\u0119 si\u0119 z nami skontaktowa\u0107"},"content":{"rendered":"","protected":false},"excerpt":{"rendered":"<p>Dzi\u0119kujemy, \u017ce skontaktowali si\u0119 Pa\u0144stwo z Fundacj\u0105 CARF.<\/p>","protected":false},"author":5,"featured_media":227843,"parent":0,"menu_order":0,"comment_status":"closed","ping_status":"closed","template":"","meta":{"_acf_changed":false,"give_campaign_id":0,"footnotes":""},"class_list":["post-184173","page","type-page","status-publish","has-post-thumbnail","hentry"],"acf":[],"campaignId":"","_links":{"self":[{"href":"https:\/\/fundacioncarf.org\/pl\/wp-json\/wp\/v2\/pages\/184173","targetHints":{"allow":["GET"]}}],"collection":[{"href":"https:\/\/fundacioncarf.org\/pl\/wp-json\/wp\/v2\/pages"}],"about":[{"href":"https:\/\/fundacioncarf.org\/pl\/wp-json\/wp\/v2\/types\/page"}],"author":[{"embeddable":true,"href":"https:\/\/fundacioncarf.org\/pl\/wp-json\/wp\/v2\/users\/5"}],"replies":[{"embeddable":true,"href":"https:\/\/fundacioncarf.org\/pl\/wp-json\/wp\/v2\/comments?post=184173"}],"version-history":[{"count":2,"href":"https:\/\/fundacioncarf.org\/pl\/wp-json\/wp\/v2\/pages\/184173\/revisions"}],"predecessor-version":[{"id":227845,"href":"https:\/\/fundacioncarf.org\/pl\/wp-json\/wp\/v2\/pages\/184173\/revisions\/227845"}],"wp:featuredmedia":[{"embeddable":true,"href":"https:\/\/fundacioncarf.org\/pl\/wp-json\/wp\/v2\/media\/227843"}],"wp:attachment":[{"href":"https:\/\/fundacioncarf.org\/pl\/wp-json\/wp\/v2\/media?parent=184173"}],"curies":[{"name":"wp","href":"https:\/\/api.w.org\/{rel}","templated":true}]}}