{"id":179647,"date":"2023-03-12T19:52:51","date_gmt":"2023-03-12T18:52:51","guid":{"rendered":"https:\/\/carfundacion.roymo.info\/?page_id=179647"},"modified":"2025-11-26T16:23:08","modified_gmt":"2025-11-26T15:23:08","slug":"codigo-de-conducta","status":"publish","type":"page","link":"https:\/\/fundacioncarf.org\/pl\/codigo-de-conducta\/","title":{"rendered":"Kodeks Post\u0119powania"},"content":{"rendered":"","protected":false},"excerpt":{"rendered":"<p>Na tej stronie mog\u0105 Pa\u0144stwo dowiedzie\u0107 si\u0119, w jaki spos\u00f3b zg\u0142osi\u0107 wszystko, co nie jest zgodne z kodeksem post\u0119powania Fundacji CARF.<\/p>","protected":false},"author":4,"featured_media":175287,"parent":0,"menu_order":0,"comment_status":"closed","ping_status":"closed","template":"","meta":{"_acf_changed":false,"give_campaign_id":0,"footnotes":""},"class_list":["post-179647","page","type-page","status-publish","has-post-thumbnail","hentry"],"acf":[],"campaignId":"","_links":{"self":[{"href":"https:\/\/fundacioncarf.org\/pl\/wp-json\/wp\/v2\/pages\/179647","targetHints":{"allow":["GET"]}}],"collection":[{"href":"https:\/\/fundacioncarf.org\/pl\/wp-json\/wp\/v2\/pages"}],"about":[{"href":"https:\/\/fundacioncarf.org\/pl\/wp-json\/wp\/v2\/types\/page"}],"author":[{"embeddable":true,"href":"https:\/\/fundacioncarf.org\/pl\/wp-json\/wp\/v2\/users\/4"}],"replies":[{"embeddable":true,"href":"https:\/\/fundacioncarf.org\/pl\/wp-json\/wp\/v2\/comments?post=179647"}],"version-history":[{"count":2,"href":"https:\/\/fundacioncarf.org\/pl\/wp-json\/wp\/v2\/pages\/179647\/revisions"}],"predecessor-version":[{"id":213897,"href":"https:\/\/fundacioncarf.org\/pl\/wp-json\/wp\/v2\/pages\/179647\/revisions\/213897"}],"wp:featuredmedia":[{"embeddable":true,"href":"https:\/\/fundacioncarf.org\/pl\/wp-json\/wp\/v2\/media\/175287"}],"wp:attachment":[{"href":"https:\/\/fundacioncarf.org\/pl\/wp-json\/wp\/v2\/media?parent=179647"}],"curies":[{"name":"wp","href":"https:\/\/api.w.org\/{rel}","templated":true}]}}