{"id":173941,"date":"2023-03-02T10:51:51","date_gmt":"2023-03-02T09:51:51","guid":{"rendered":"https:\/\/carfundacion.roymo.info\/?page_id=173941"},"modified":"2025-02-27T17:14:53","modified_gmt":"2025-02-27T16:14:53","slug":"endowment-fondo-dotacion","status":"publish","type":"page","link":"https:\/\/fundacioncarf.org\/pl\/conoce-fundacion-carf\/endowment-fondo-dotacion\/","title":{"rendered":"Fundusz wieczysty"},"content":{"rendered":"","protected":false},"excerpt":{"rendered":"<p>Pracujemy nad funduszem wieczystym Fundacji CARF, aby\u015bmy zawsze mogli wspiera\u0107 formacj\u0119 kap\u0142an\u00f3w diecezjalnych i zakonnych bez zale\u017cno\u015bci od cykli gospodarczych.<\/p>","protected":false},"author":4,"featured_media":178906,"parent":167416,"menu_order":0,"comment_status":"closed","ping_status":"closed","template":"","meta":{"_acf_changed":false,"give_campaign_id":0,"footnotes":""},"class_list":["post-173941","page","type-page","status-publish","has-post-thumbnail","hentry"],"acf":[],"campaignId":"","_links":{"self":[{"href":"https:\/\/fundacioncarf.org\/pl\/wp-json\/wp\/v2\/pages\/173941","targetHints":{"allow":["GET"]}}],"collection":[{"href":"https:\/\/fundacioncarf.org\/pl\/wp-json\/wp\/v2\/pages"}],"about":[{"href":"https:\/\/fundacioncarf.org\/pl\/wp-json\/wp\/v2\/types\/page"}],"author":[{"embeddable":true,"href":"https:\/\/fundacioncarf.org\/pl\/wp-json\/wp\/v2\/users\/4"}],"replies":[{"embeddable":true,"href":"https:\/\/fundacioncarf.org\/pl\/wp-json\/wp\/v2\/comments?post=173941"}],"version-history":[{"count":4,"href":"https:\/\/fundacioncarf.org\/pl\/wp-json\/wp\/v2\/pages\/173941\/revisions"}],"predecessor-version":[{"id":198754,"href":"https:\/\/fundacioncarf.org\/pl\/wp-json\/wp\/v2\/pages\/173941\/revisions\/198754"}],"up":[{"embeddable":true,"href":"https:\/\/fundacioncarf.org\/pl\/wp-json\/wp\/v2\/pages\/167416"}],"wp:featuredmedia":[{"embeddable":true,"href":"https:\/\/fundacioncarf.org\/pl\/wp-json\/wp\/v2\/media\/178906"}],"wp:attachment":[{"href":"https:\/\/fundacioncarf.org\/pl\/wp-json\/wp\/v2\/media?parent=173941"}],"curies":[{"name":"wp","href":"https:\/\/api.w.org\/{rel}","templated":true}]}}