{"id":172895,"date":"2023-02-20T09:19:01","date_gmt":"2023-02-20T08:19:01","guid":{"rendered":"https:\/\/carfundacion.roymo.info\/?page_id=172895"},"modified":"2026-01-08T14:15:27","modified_gmt":"2026-01-08T13:15:27","slug":"reza-misa-difuntos","status":"publish","type":"page","link":"https:\/\/fundacioncarf.org\/pl\/santa-misa\/reza-misa-difuntos\/","title":{"rendered":"Prosz\u0119 odprawi\u0107 msz\u0119 za zmar\u0142ego"},"content":{"rendered":"","protected":false},"excerpt":{"rendered":"<p>Prosz\u0119 modli\u0107 si\u0119 za zmar\u0142ych. Msza \u015awi\u0119ta jest najwi\u0119kszym aktem mi\u0142o\u015bci i mi\u0142osierdzia dla ludzi, kt\u00f3rych kochamy: dobroczy\u0144c\u00f3w i przyjaci\u00f3\u0142 Fundacji CARF. <\/p>","protected":false},"author":4,"featured_media":227577,"parent":170162,"menu_order":0,"comment_status":"closed","ping_status":"closed","template":"","meta":{"_acf_changed":false,"give_campaign_id":0,"footnotes":""},"class_list":["post-172895","page","type-page","status-publish","has-post-thumbnail","hentry"],"acf":[],"campaignId":"0","_links":{"self":[{"href":"https:\/\/fundacioncarf.org\/pl\/wp-json\/wp\/v2\/pages\/172895","targetHints":{"allow":["GET"]}}],"collection":[{"href":"https:\/\/fundacioncarf.org\/pl\/wp-json\/wp\/v2\/pages"}],"about":[{"href":"https:\/\/fundacioncarf.org\/pl\/wp-json\/wp\/v2\/types\/page"}],"author":[{"embeddable":true,"href":"https:\/\/fundacioncarf.org\/pl\/wp-json\/wp\/v2\/users\/4"}],"replies":[{"embeddable":true,"href":"https:\/\/fundacioncarf.org\/pl\/wp-json\/wp\/v2\/comments?post=172895"}],"version-history":[{"count":6,"href":"https:\/\/fundacioncarf.org\/pl\/wp-json\/wp\/v2\/pages\/172895\/revisions"}],"predecessor-version":[{"id":221668,"href":"https:\/\/fundacioncarf.org\/pl\/wp-json\/wp\/v2\/pages\/172895\/revisions\/221668"}],"up":[{"embeddable":true,"href":"https:\/\/fundacioncarf.org\/pl\/wp-json\/wp\/v2\/pages\/170162"}],"wp:featuredmedia":[{"embeddable":true,"href":"https:\/\/fundacioncarf.org\/pl\/wp-json\/wp\/v2\/media\/227577"}],"wp:attachment":[{"href":"https:\/\/fundacioncarf.org\/pl\/wp-json\/wp\/v2\/media?parent=172895"}],"curies":[{"name":"wp","href":"https:\/\/api.w.org\/{rel}","templated":true}]}}