{"id":170162,"date":"2023-02-18T11:18:57","date_gmt":"2023-02-18T10:18:57","guid":{"rendered":"https:\/\/carfundacion.roymo.info\/?page_id=170162"},"modified":"2025-12-05T12:17:09","modified_gmt":"2025-12-05T11:17:09","slug":"santa-misa","status":"publish","type":"page","link":"https:\/\/fundacioncarf.org\/pl\/santa-misa\/","title":{"rendered":"Msza \u015bw."},"content":{"rendered":"","protected":false},"excerpt":{"rendered":"<p>Msza \u015awi\u0119ta jest ca\u0142kowitym oddaniem si\u0119 Boga ludzko\u015bci, podczas kt\u00f3rej prze\u017cywamy m\u0119k\u0119, \u015bmier\u0107 i zmartwychwstanie Jezusa Chrystusa, Jego jedynego Syna.<\/p>","protected":false},"author":719,"featured_media":195706,"parent":0,"menu_order":0,"comment_status":"closed","ping_status":"closed","template":"","meta":{"_acf_changed":false,"give_campaign_id":0,"footnotes":""},"class_list":["post-170162","page","type-page","status-publish","has-post-thumbnail","hentry"],"acf":[],"campaignId":"","_links":{"self":[{"href":"https:\/\/fundacioncarf.org\/pl\/wp-json\/wp\/v2\/pages\/170162","targetHints":{"allow":["GET"]}}],"collection":[{"href":"https:\/\/fundacioncarf.org\/pl\/wp-json\/wp\/v2\/pages"}],"about":[{"href":"https:\/\/fundacioncarf.org\/pl\/wp-json\/wp\/v2\/types\/page"}],"author":[{"embeddable":true,"href":"https:\/\/fundacioncarf.org\/pl\/wp-json\/wp\/v2\/users\/719"}],"replies":[{"embeddable":true,"href":"https:\/\/fundacioncarf.org\/pl\/wp-json\/wp\/v2\/comments?post=170162"}],"version-history":[{"count":3,"href":"https:\/\/fundacioncarf.org\/pl\/wp-json\/wp\/v2\/pages\/170162\/revisions"}],"predecessor-version":[{"id":195853,"href":"https:\/\/fundacioncarf.org\/pl\/wp-json\/wp\/v2\/pages\/170162\/revisions\/195853"}],"wp:featuredmedia":[{"embeddable":true,"href":"https:\/\/fundacioncarf.org\/pl\/wp-json\/wp\/v2\/media\/195706"}],"wp:attachment":[{"href":"https:\/\/fundacioncarf.org\/pl\/wp-json\/wp\/v2\/media?parent=170162"}],"curies":[{"name":"wp","href":"https:\/\/api.w.org\/{rel}","templated":true}]}}