{"id":170026,"date":"2023-02-15T09:44:16","date_gmt":"2023-02-15T08:44:16","guid":{"rendered":"https:\/\/carfundacion.roymo.info\/?page_id=170026"},"modified":"2025-12-10T10:05:02","modified_gmt":"2025-12-10T09:05:02","slug":"legado-testamento-solidario","status":"publish","type":"page","link":"https:\/\/fundacioncarf.org\/pl\/donar\/legado-testamento-solidario\/","title":{"rendered":"Testamenty solidarne i zapisy"},"content":{"rendered":"","protected":false},"excerpt":{"rendered":"<p>Je\u015bli wespr\u0105 Pa\u0144stwo Fundacj\u0119 CARF zapisem lub testamentem solidarno\u015bciowym, sprawi\u0105 Pa\u0144stwo, \u017ce Pa\u0144stwa \u017cycie przekroczy wieczno\u015b\u0107 i da \u017cycie Ko\u015bcio\u0142owi poprzez wsp\u00f3\u0142prac\u0119 z integraln\u0105 formacj\u0105 kap\u0142an\u00f3w.<\/p>","protected":false},"author":4,"featured_media":226353,"parent":170000,"menu_order":0,"comment_status":"closed","ping_status":"closed","template":"","meta":{"_acf_changed":false,"give_campaign_id":0,"footnotes":""},"class_list":["post-170026","page","type-page","status-publish","has-post-thumbnail","hentry"],"acf":[],"campaignId":"0","_links":{"self":[{"href":"https:\/\/fundacioncarf.org\/pl\/wp-json\/wp\/v2\/pages\/170026","targetHints":{"allow":["GET"]}}],"collection":[{"href":"https:\/\/fundacioncarf.org\/pl\/wp-json\/wp\/v2\/pages"}],"about":[{"href":"https:\/\/fundacioncarf.org\/pl\/wp-json\/wp\/v2\/types\/page"}],"author":[{"embeddable":true,"href":"https:\/\/fundacioncarf.org\/pl\/wp-json\/wp\/v2\/users\/4"}],"replies":[{"embeddable":true,"href":"https:\/\/fundacioncarf.org\/pl\/wp-json\/wp\/v2\/comments?post=170026"}],"version-history":[{"count":5,"href":"https:\/\/fundacioncarf.org\/pl\/wp-json\/wp\/v2\/pages\/170026\/revisions"}],"predecessor-version":[{"id":224817,"href":"https:\/\/fundacioncarf.org\/pl\/wp-json\/wp\/v2\/pages\/170026\/revisions\/224817"}],"up":[{"embeddable":true,"href":"https:\/\/fundacioncarf.org\/pl\/wp-json\/wp\/v2\/pages\/170000"}],"wp:featuredmedia":[{"embeddable":true,"href":"https:\/\/fundacioncarf.org\/pl\/wp-json\/wp\/v2\/media\/226353"}],"wp:attachment":[{"href":"https:\/\/fundacioncarf.org\/pl\/wp-json\/wp\/v2\/media?parent=170026"}],"curies":[{"name":"wp","href":"https:\/\/api.w.org\/{rel}","templated":true}]}}