{"id":169942,"date":"2023-02-13T15:52:30","date_gmt":"2023-02-13T14:52:30","guid":{"rendered":"https:\/\/carfundacion.roymo.info\/?page_id=169942"},"modified":"2025-12-02T13:51:17","modified_gmt":"2025-12-02T12:51:17","slug":"formacion-de-sacerdotes","status":"publish","type":"page","link":"https:\/\/fundacioncarf.org\/pl\/sacerdocio\/formacion-de-sacerdotes\/","title":{"rendered":"Kszta\u0142cenie ksi\u0119\u017cy"},"content":{"rendered":"","protected":false},"excerpt":{"rendered":"<p>Fundacja CARF zosta\u0142a za\u0142o\u017cona 14 lutego 1989 roku. Jej celem jest pomoc w formacji kap\u0142an\u00f3w diecezjalnych i zakonnych Ko\u015bcio\u0142a na \u015bwiecie.<\/p>","protected":false},"author":4,"featured_media":183258,"parent":169905,"menu_order":0,"comment_status":"closed","ping_status":"closed","template":"","meta":{"_acf_changed":false,"give_campaign_id":0,"footnotes":""},"class_list":["post-169942","page","type-page","status-publish","has-post-thumbnail","hentry"],"acf":[],"campaignId":"","_links":{"self":[{"href":"https:\/\/fundacioncarf.org\/pl\/wp-json\/wp\/v2\/pages\/169942","targetHints":{"allow":["GET"]}}],"collection":[{"href":"https:\/\/fundacioncarf.org\/pl\/wp-json\/wp\/v2\/pages"}],"about":[{"href":"https:\/\/fundacioncarf.org\/pl\/wp-json\/wp\/v2\/types\/page"}],"author":[{"embeddable":true,"href":"https:\/\/fundacioncarf.org\/pl\/wp-json\/wp\/v2\/users\/4"}],"replies":[{"embeddable":true,"href":"https:\/\/fundacioncarf.org\/pl\/wp-json\/wp\/v2\/comments?post=169942"}],"version-history":[{"count":5,"href":"https:\/\/fundacioncarf.org\/pl\/wp-json\/wp\/v2\/pages\/169942\/revisions"}],"predecessor-version":[{"id":226947,"href":"https:\/\/fundacioncarf.org\/pl\/wp-json\/wp\/v2\/pages\/169942\/revisions\/226947"}],"up":[{"embeddable":true,"href":"https:\/\/fundacioncarf.org\/pl\/wp-json\/wp\/v2\/pages\/169905"}],"wp:featuredmedia":[{"embeddable":true,"href":"https:\/\/fundacioncarf.org\/pl\/wp-json\/wp\/v2\/media\/183258"}],"wp:attachment":[{"href":"https:\/\/fundacioncarf.org\/pl\/wp-json\/wp\/v2\/media?parent=169942"}],"curies":[{"name":"wp","href":"https:\/\/api.w.org\/{rel}","templated":true}]}}