{"id":167416,"date":"2025-04-30T06:00:50","date_gmt":"2025-04-30T04:00:50","guid":{"rendered":"https:\/\/carfundacion.roymo.info\/?page_id=167416"},"modified":"2026-04-07T11:21:03","modified_gmt":"2026-04-07T09:21:03","slug":"conoce-fundacion-carf","status":"publish","type":"page","link":"https:\/\/fundacioncarf.org\/pl\/conoce-fundacion-carf\/","title":{"rendered":"O Fundacji CARF"},"content":{"rendered":"","protected":false},"excerpt":{"rendered":"<p>Fundacja CARF dzia\u0142a na rzecz niesienia u\u015bmiechu Boga do ka\u017cdego zak\u0105tka \u015bwiata, modl\u0105c si\u0119 za kap\u0142an\u00f3w, promuj\u0105c ich dobre imi\u0119 i pomagaj\u0105c w ich integralnej formacji na Papieskim Uniwersytecie \u015awi\u0119tego Krzy\u017ca (w Rzymie) i na Wydzia\u0142ach Ko\u015bcielnych Uniwersytetu Nawarry (Pampeluna).<\/p>","protected":false},"author":4,"featured_media":190797,"parent":0,"menu_order":0,"comment_status":"closed","ping_status":"closed","template":"","meta":{"_acf_changed":false,"give_campaign_id":0,"footnotes":""},"class_list":["post-167416","page","type-page","status-publish","has-post-thumbnail","hentry"],"acf":[],"campaignId":"0","_links":{"self":[{"href":"https:\/\/fundacioncarf.org\/pl\/wp-json\/wp\/v2\/pages\/167416","targetHints":{"allow":["GET"]}}],"collection":[{"href":"https:\/\/fundacioncarf.org\/pl\/wp-json\/wp\/v2\/pages"}],"about":[{"href":"https:\/\/fundacioncarf.org\/pl\/wp-json\/wp\/v2\/types\/page"}],"author":[{"embeddable":true,"href":"https:\/\/fundacioncarf.org\/pl\/wp-json\/wp\/v2\/users\/4"}],"replies":[{"embeddable":true,"href":"https:\/\/fundacioncarf.org\/pl\/wp-json\/wp\/v2\/comments?post=167416"}],"version-history":[{"count":8,"href":"https:\/\/fundacioncarf.org\/pl\/wp-json\/wp\/v2\/pages\/167416\/revisions"}],"predecessor-version":[{"id":229111,"href":"https:\/\/fundacioncarf.org\/pl\/wp-json\/wp\/v2\/pages\/167416\/revisions\/229111"}],"wp:featuredmedia":[{"embeddable":true,"href":"https:\/\/fundacioncarf.org\/pl\/wp-json\/wp\/v2\/media\/190797"}],"wp:attachment":[{"href":"https:\/\/fundacioncarf.org\/pl\/wp-json\/wp\/v2\/media?parent=167416"}],"curies":[{"name":"wp","href":"https:\/\/api.w.org\/{rel}","templated":true}]}}