{"id":227035,"date":"2025-12-05T12:48:32","date_gmt":"2025-12-05T11:48:32","guid":{"rendered":"https:\/\/fundacioncarf.org\/?page_id=227035"},"modified":"2025-12-10T12:12:10","modified_gmt":"2025-12-10T11:12:10","slug":"lleva-la-navidad-donde-nunca-imaginaste","status":"publish","type":"page","link":"https:\/\/fundacioncarf.org\/fr\/donar\/lleva-la-navidad-donde-nunca-imaginaste\/","title":{"rendered":"No\u00ebl - 2025"},"content":{"rendered":"","protected":false},"excerpt":{"rendered":"<p>La Fondation CARF propose un No\u00ebl solidaire qui transcende les fronti\u00e8res : un voyage symbolique au Nigeria, au Venezuela, en Angola ou en Chine pour soutenir la formation de pr\u00eatres qui apportent l'espoir \u00e0 des communaut\u00e9s oubli\u00e9es du monde entier. Offrez une formation compl\u00e8te \u00e0 des s\u00e9minaristes et des pr\u00eatres dioc\u00e9sains du monde entier. Ils changeront votre vie sans que vous vous en rendiez compte !<\/p>","protected":false},"author":5,"featured_media":0,"parent":170000,"menu_order":0,"comment_status":"closed","ping_status":"closed","template":"","meta":{"_acf_changed":false,"give_campaign_id":0,"footnotes":""},"class_list":["post-227035","page","type-page","status-publish","hentry"],"acf":[],"campaignId":"0","_links":{"self":[{"href":"https:\/\/fundacioncarf.org\/fr\/wp-json\/wp\/v2\/pages\/227035","targetHints":{"allow":["GET"]}}],"collection":[{"href":"https:\/\/fundacioncarf.org\/fr\/wp-json\/wp\/v2\/pages"}],"about":[{"href":"https:\/\/fundacioncarf.org\/fr\/wp-json\/wp\/v2\/types\/page"}],"author":[{"embeddable":true,"href":"https:\/\/fundacioncarf.org\/fr\/wp-json\/wp\/v2\/users\/5"}],"replies":[{"embeddable":true,"href":"https:\/\/fundacioncarf.org\/fr\/wp-json\/wp\/v2\/comments?post=227035"}],"version-history":[{"count":4,"href":"https:\/\/fundacioncarf.org\/fr\/wp-json\/wp\/v2\/pages\/227035\/revisions"}],"predecessor-version":[{"id":227128,"href":"https:\/\/fundacioncarf.org\/fr\/wp-json\/wp\/v2\/pages\/227035\/revisions\/227128"}],"up":[{"embeddable":true,"href":"https:\/\/fundacioncarf.org\/fr\/wp-json\/wp\/v2\/pages\/170000"}],"wp:attachment":[{"href":"https:\/\/fundacioncarf.org\/fr\/wp-json\/wp\/v2\/media?parent=227035"}],"curies":[{"name":"wp","href":"https:\/\/api.w.org\/{rel}","templated":true}]}}