{"id":217496,"date":"2025-07-10T08:47:01","date_gmt":"2025-07-10T06:47:01","guid":{"rendered":"https:\/\/staging.fundacioncarf.org\/?page_id=217496"},"modified":"2025-08-08T12:21:03","modified_gmt":"2025-08-08T10:21:03","slug":"testigos-video-documental-carf-sacerdotes","status":"publish","type":"page","link":"https:\/\/fundacioncarf.org\/fr\/testigos-video-documental-carf-sacerdotes\/","title":{"rendered":"T\u00e9moins, un documentaire de la Fondation CARF"},"content":{"rendered":"","protected":false},"excerpt":{"rendered":"<p>\"T\u00e9moins\" est un documentaire qui r\u00e9v\u00e8le l'empreinte profonde laiss\u00e9e dans son pays par un pr\u00eatre bien form\u00e9. Son retour, de Rome et Pampelune jusqu'aux confins du monde, transforme des vies et des soci\u00e9t\u00e9s enti\u00e8res. D\u00e9couvrez deux de ces histoires.<\/p>","protected":false},"author":4,"featured_media":217506,"parent":0,"menu_order":0,"comment_status":"closed","ping_status":"closed","template":"","meta":{"_acf_changed":false,"give_campaign_id":0,"footnotes":""},"class_list":["post-217496","page","type-page","status-publish","has-post-thumbnail","hentry"],"acf":[],"campaignId":"0","_links":{"self":[{"href":"https:\/\/fundacioncarf.org\/fr\/wp-json\/wp\/v2\/pages\/217496","targetHints":{"allow":["GET"]}}],"collection":[{"href":"https:\/\/fundacioncarf.org\/fr\/wp-json\/wp\/v2\/pages"}],"about":[{"href":"https:\/\/fundacioncarf.org\/fr\/wp-json\/wp\/v2\/types\/page"}],"author":[{"embeddable":true,"href":"https:\/\/fundacioncarf.org\/fr\/wp-json\/wp\/v2\/users\/4"}],"replies":[{"embeddable":true,"href":"https:\/\/fundacioncarf.org\/fr\/wp-json\/wp\/v2\/comments?post=217496"}],"version-history":[{"count":11,"href":"https:\/\/fundacioncarf.org\/fr\/wp-json\/wp\/v2\/pages\/217496\/revisions"}],"predecessor-version":[{"id":221902,"href":"https:\/\/fundacioncarf.org\/fr\/wp-json\/wp\/v2\/pages\/217496\/revisions\/221902"}],"wp:featuredmedia":[{"embeddable":true,"href":"https:\/\/fundacioncarf.org\/fr\/wp-json\/wp\/v2\/media\/217506"}],"wp:attachment":[{"href":"https:\/\/fundacioncarf.org\/fr\/wp-json\/wp\/v2\/media?parent=217496"}],"curies":[{"name":"wp","href":"https:\/\/api.w.org\/{rel}","templated":true}]}}