{"id":180,"date":"2023-02-08T14:03:44","date_gmt":"2023-02-08T13:03:44","guid":{"rendered":"https:\/\/carfundacion.roymo.info\/?page_id=180"},"modified":"2026-04-07T14:16:58","modified_gmt":"2026-04-07T12:16:58","slug":"home","status":"publish","type":"page","link":"https:\/\/fundacioncarf.org\/fr\/","title":{"rendered":"Fondation CARF"},"content":{"rendered":"","protected":false},"excerpt":{"rendered":"<p>La Fondation CARF (CARF, Centro Academico Romano Foundation) est n\u00e9e en 1989 sous l'inspiration de Saint Jean Paul II dans le but d'aider \u00e0 former des s\u00e9minaristes et des pr\u00eatres dioc\u00e9sains, des religieux et des religieuses, au service de l'Eglise dans le monde entier.<\/p>","protected":false},"author":4,"featured_media":215705,"parent":0,"menu_order":0,"comment_status":"closed","ping_status":"closed","template":"","meta":{"_acf_changed":false,"give_campaign_id":0,"footnotes":""},"class_list":["post-180","page","type-page","status-publish","has-post-thumbnail","hentry"],"acf":[],"campaignId":"0","_links":{"self":[{"href":"https:\/\/fundacioncarf.org\/fr\/wp-json\/wp\/v2\/pages\/180","targetHints":{"allow":["GET"]}}],"collection":[{"href":"https:\/\/fundacioncarf.org\/fr\/wp-json\/wp\/v2\/pages"}],"about":[{"href":"https:\/\/fundacioncarf.org\/fr\/wp-json\/wp\/v2\/types\/page"}],"author":[{"embeddable":true,"href":"https:\/\/fundacioncarf.org\/fr\/wp-json\/wp\/v2\/users\/4"}],"replies":[{"embeddable":true,"href":"https:\/\/fundacioncarf.org\/fr\/wp-json\/wp\/v2\/comments?post=180"}],"version-history":[{"count":10,"href":"https:\/\/fundacioncarf.org\/fr\/wp-json\/wp\/v2\/pages\/180\/revisions"}],"predecessor-version":[{"id":225688,"href":"https:\/\/fundacioncarf.org\/fr\/wp-json\/wp\/v2\/pages\/180\/revisions\/225688"}],"wp:featuredmedia":[{"embeddable":true,"href":"https:\/\/fundacioncarf.org\/fr\/wp-json\/wp\/v2\/media\/215705"}],"wp:attachment":[{"href":"https:\/\/fundacioncarf.org\/fr\/wp-json\/wp\/v2\/media?parent=180"}],"curies":[{"name":"wp","href":"https:\/\/api.w.org\/{rel}","templated":true}]}}