{"id":170035,"date":"2025-04-30T06:00:23","date_gmt":"2025-04-30T04:00:23","guid":{"rendered":"https:\/\/carfundacion.roymo.info\/?page_id=170035"},"modified":"2025-12-31T13:19:27","modified_gmt":"2025-12-31T12:19:27","slug":"donaciones-en-especie","status":"publish","type":"page","link":"https:\/\/fundacioncarf.org\/fr\/donar\/donaciones-en-especie\/","title":{"rendered":"Dons en nature"},"content":{"rendered":"","protected":false},"excerpt":{"rendered":"<p>Les dons en nature, un autre moyen facile de faire un don et d'aider l'\u00c9glise dioc\u00e9saine dans le monde entier en contribuant \u00e0 la formation des pr\u00eatres.<\/p>","protected":false},"author":4,"featured_media":227532,"parent":170000,"menu_order":0,"comment_status":"closed","ping_status":"closed","template":"","meta":{"_acf_changed":false,"give_campaign_id":0,"footnotes":""},"class_list":["post-170035","page","type-page","status-publish","has-post-thumbnail","hentry"],"acf":[],"campaignId":"","_links":{"self":[{"href":"https:\/\/fundacioncarf.org\/fr\/wp-json\/wp\/v2\/pages\/170035","targetHints":{"allow":["GET"]}}],"collection":[{"href":"https:\/\/fundacioncarf.org\/fr\/wp-json\/wp\/v2\/pages"}],"about":[{"href":"https:\/\/fundacioncarf.org\/fr\/wp-json\/wp\/v2\/types\/page"}],"author":[{"embeddable":true,"href":"https:\/\/fundacioncarf.org\/fr\/wp-json\/wp\/v2\/users\/4"}],"replies":[{"embeddable":true,"href":"https:\/\/fundacioncarf.org\/fr\/wp-json\/wp\/v2\/comments?post=170035"}],"version-history":[{"count":2,"href":"https:\/\/fundacioncarf.org\/fr\/wp-json\/wp\/v2\/pages\/170035\/revisions"}],"predecessor-version":[{"id":213906,"href":"https:\/\/fundacioncarf.org\/fr\/wp-json\/wp\/v2\/pages\/170035\/revisions\/213906"}],"up":[{"embeddable":true,"href":"https:\/\/fundacioncarf.org\/fr\/wp-json\/wp\/v2\/pages\/170000"}],"wp:featuredmedia":[{"embeddable":true,"href":"https:\/\/fundacioncarf.org\/fr\/wp-json\/wp\/v2\/media\/227532"}],"wp:attachment":[{"href":"https:\/\/fundacioncarf.org\/fr\/wp-json\/wp\/v2\/media?parent=170035"}],"curies":[{"name":"wp","href":"https:\/\/api.w.org\/{rel}","templated":true}]}}