{"id":167416,"date":"2025-04-30T06:00:50","date_gmt":"2025-04-30T04:00:50","guid":{"rendered":"https:\/\/carfundacion.roymo.info\/?page_id=167416"},"modified":"2025-08-21T10:51:06","modified_gmt":"2025-08-21T08:51:06","slug":"conoce-fundacion-carf","status":"publish","type":"page","link":"https:\/\/fundacioncarf.org\/fr\/conoce-fundacion-carf\/","title":{"rendered":"\u00c0 propos de la Fondation CARF"},"content":{"rendered":"","protected":false},"excerpt":{"rendered":"<p>La Fondation CARF s'efforce d'apporter le sourire de Dieu dans tous les coins du monde, en priant pour les pr\u00eatres, en promouvant leur r\u00e9putation et en aidant \u00e0 leur formation int\u00e9grale \u00e0 l'Universit\u00e9 pontificale de la Sainte-Croix (\u00e0 Rome) et aux Facult\u00e9s eccl\u00e9siastiques de l'Universit\u00e9 de Navarre (Pampelune).<\/p>","protected":false},"author":4,"featured_media":190797,"parent":0,"menu_order":0,"comment_status":"closed","ping_status":"closed","template":"","meta":{"_acf_changed":false,"give_campaign_id":0,"footnotes":""},"class_list":["post-167416","page","type-page","status-publish","has-post-thumbnail","hentry"],"acf":[],"campaignId":"0","_links":{"self":[{"href":"https:\/\/fundacioncarf.org\/fr\/wp-json\/wp\/v2\/pages\/167416","targetHints":{"allow":["GET"]}}],"collection":[{"href":"https:\/\/fundacioncarf.org\/fr\/wp-json\/wp\/v2\/pages"}],"about":[{"href":"https:\/\/fundacioncarf.org\/fr\/wp-json\/wp\/v2\/types\/page"}],"author":[{"embeddable":true,"href":"https:\/\/fundacioncarf.org\/fr\/wp-json\/wp\/v2\/users\/4"}],"replies":[{"embeddable":true,"href":"https:\/\/fundacioncarf.org\/fr\/wp-json\/wp\/v2\/comments?post=167416"}],"version-history":[{"count":8,"href":"https:\/\/fundacioncarf.org\/fr\/wp-json\/wp\/v2\/pages\/167416\/revisions"}],"predecessor-version":[{"id":224206,"href":"https:\/\/fundacioncarf.org\/fr\/wp-json\/wp\/v2\/pages\/167416\/revisions\/224206"}],"wp:featuredmedia":[{"embeddable":true,"href":"https:\/\/fundacioncarf.org\/fr\/wp-json\/wp\/v2\/media\/190797"}],"wp:attachment":[{"href":"https:\/\/fundacioncarf.org\/fr\/wp-json\/wp\/v2\/media?parent=167416"}],"curies":[{"name":"wp","href":"https:\/\/api.w.org\/{rel}","templated":true}]}}