{"id":227035,"date":"2025-12-05T12:48:32","date_gmt":"2025-12-05T11:48:32","guid":{"rendered":"https:\/\/fundacioncarf.org\/?page_id=227035"},"modified":"2025-12-10T12:12:10","modified_gmt":"2025-12-10T11:12:10","slug":"lleva-la-navidad-donde-nunca-imaginaste","status":"publish","type":"page","link":"https:\/\/fundacioncarf.org\/de\/donar\/lleva-la-navidad-donde-nunca-imaginaste\/","title":{"rendered":"Weihnachten \u2013 2025"},"content":{"rendered":"","protected":false},"excerpt":{"rendered":"<p>Die Stiftung CARF schl\u00e4gt ein solidarisches Weihnachtsfest vor, das Grenzen \u00fcberschreitet: eine symbolische Reise nach Nigeria, Venezuela, Angola oder China, um die Ausbildung von Priestern zu unterst\u00fctzen, die vergessenen Gemeinschaften auf der ganzen Welt Hoffnung bringen. Bitte schenken Sie Seminaristen und Di\u00f6zesanpriestern aus aller Welt eine umfassende Ausbildung. Sie werden Ihr Leben ver\u00e4ndern, ohne dass Sie es merken.<\/p>","protected":false},"author":5,"featured_media":0,"parent":170000,"menu_order":0,"comment_status":"closed","ping_status":"closed","template":"","meta":{"_acf_changed":false,"give_campaign_id":0,"footnotes":""},"class_list":["post-227035","page","type-page","status-publish","hentry"],"acf":[],"campaignId":"0","_links":{"self":[{"href":"https:\/\/fundacioncarf.org\/de\/wp-json\/wp\/v2\/pages\/227035","targetHints":{"allow":["GET"]}}],"collection":[{"href":"https:\/\/fundacioncarf.org\/de\/wp-json\/wp\/v2\/pages"}],"about":[{"href":"https:\/\/fundacioncarf.org\/de\/wp-json\/wp\/v2\/types\/page"}],"author":[{"embeddable":true,"href":"https:\/\/fundacioncarf.org\/de\/wp-json\/wp\/v2\/users\/5"}],"replies":[{"embeddable":true,"href":"https:\/\/fundacioncarf.org\/de\/wp-json\/wp\/v2\/comments?post=227035"}],"version-history":[{"count":4,"href":"https:\/\/fundacioncarf.org\/de\/wp-json\/wp\/v2\/pages\/227035\/revisions"}],"predecessor-version":[{"id":227128,"href":"https:\/\/fundacioncarf.org\/de\/wp-json\/wp\/v2\/pages\/227035\/revisions\/227128"}],"up":[{"embeddable":true,"href":"https:\/\/fundacioncarf.org\/de\/wp-json\/wp\/v2\/pages\/170000"}],"wp:attachment":[{"href":"https:\/\/fundacioncarf.org\/de\/wp-json\/wp\/v2\/media?parent=227035"}],"curies":[{"name":"wp","href":"https:\/\/api.w.org\/{rel}","templated":true}]}}