{"id":196172,"date":"2024-06-24T08:16:10","date_gmt":"2024-06-24T06:16:10","guid":{"rendered":"https:\/\/staging.fundacioncarf.org\/?page_id=196172"},"modified":"2026-04-07T16:44:49","modified_gmt":"2026-04-07T14:44:49","slug":"memoria-anual","status":"publish","type":"page","link":"https:\/\/fundacioncarf.org\/de\/memoria-anual\/","title":{"rendered":"Jahresbericht"},"content":{"rendered":"","protected":false},"excerpt":{"rendered":"<p>Auf dieser Seite k\u00f6nnen Sie den Jahresbericht der Stiftung CARF herunterladen und die Dokumente der vergangenen Jahre mit allen Aktivit\u00e4ten, die wir zugunsten von Di\u00f6zesanpriestern in der ganzen Welt entwickeln, einsehen.<\/p>","protected":false},"author":4,"featured_media":229121,"parent":0,"menu_order":0,"comment_status":"closed","ping_status":"closed","template":"","meta":{"_acf_changed":false,"give_campaign_id":0,"footnotes":""},"class_list":["post-196172","page","type-page","status-publish","has-post-thumbnail","hentry"],"acf":[],"campaignId":"0","_links":{"self":[{"href":"https:\/\/fundacioncarf.org\/de\/wp-json\/wp\/v2\/pages\/196172","targetHints":{"allow":["GET"]}}],"collection":[{"href":"https:\/\/fundacioncarf.org\/de\/wp-json\/wp\/v2\/pages"}],"about":[{"href":"https:\/\/fundacioncarf.org\/de\/wp-json\/wp\/v2\/types\/page"}],"author":[{"embeddable":true,"href":"https:\/\/fundacioncarf.org\/de\/wp-json\/wp\/v2\/users\/4"}],"replies":[{"embeddable":true,"href":"https:\/\/fundacioncarf.org\/de\/wp-json\/wp\/v2\/comments?post=196172"}],"version-history":[{"count":11,"href":"https:\/\/fundacioncarf.org\/de\/wp-json\/wp\/v2\/pages\/196172\/revisions"}],"predecessor-version":[{"id":216697,"href":"https:\/\/fundacioncarf.org\/de\/wp-json\/wp\/v2\/pages\/196172\/revisions\/216697"}],"wp:featuredmedia":[{"embeddable":true,"href":"https:\/\/fundacioncarf.org\/de\/wp-json\/wp\/v2\/media\/229121"}],"wp:attachment":[{"href":"https:\/\/fundacioncarf.org\/de\/wp-json\/wp\/v2\/media?parent=196172"}],"curies":[{"name":"wp","href":"https:\/\/api.w.org\/{rel}","templated":true}]}}