{"id":195033,"date":"2024-04-30T06:00:58","date_gmt":"2024-04-30T04:00:58","guid":{"rendered":"https:\/\/staging.fundacioncarf.org\/?page_id=195033"},"modified":"2026-01-14T10:34:45","modified_gmt":"2026-01-14T09:34:45","slug":"vocacion-deja-huella-sacerdote","status":"publish","type":"page","link":"https:\/\/fundacioncarf.org\/de\/donar\/vocacion-deja-huella-sacerdote\/","title":{"rendered":"Hinterlassen Sie Ihre Spuren bei den Priestern"},"content":{"rendered":"","protected":false},"excerpt":{"rendered":"<p>Helfen Sie uns, die Welt mit priesterlichen Berufungen zu bes\u00e4en. M\u00f6gen sie alle die finanziellen Mittel haben, um ausgebildet zu werden. Spenden Sie jetzt und s\u00e4en Sie die Welt mit heiligen Priestern!<\/p>","protected":false},"author":719,"featured_media":227648,"parent":170000,"menu_order":0,"comment_status":"closed","ping_status":"closed","template":"","meta":{"_acf_changed":false,"give_campaign_id":0,"footnotes":""},"class_list":["post-195033","page","type-page","status-publish","has-post-thumbnail","hentry"],"acf":[],"campaignId":"","_links":{"self":[{"href":"https:\/\/fundacioncarf.org\/de\/wp-json\/wp\/v2\/pages\/195033","targetHints":{"allow":["GET"]}}],"collection":[{"href":"https:\/\/fundacioncarf.org\/de\/wp-json\/wp\/v2\/pages"}],"about":[{"href":"https:\/\/fundacioncarf.org\/de\/wp-json\/wp\/v2\/types\/page"}],"author":[{"embeddable":true,"href":"https:\/\/fundacioncarf.org\/de\/wp-json\/wp\/v2\/users\/719"}],"replies":[{"embeddable":true,"href":"https:\/\/fundacioncarf.org\/de\/wp-json\/wp\/v2\/comments?post=195033"}],"version-history":[{"count":6,"href":"https:\/\/fundacioncarf.org\/de\/wp-json\/wp\/v2\/pages\/195033\/revisions"}],"predecessor-version":[{"id":195198,"href":"https:\/\/fundacioncarf.org\/de\/wp-json\/wp\/v2\/pages\/195033\/revisions\/195198"}],"up":[{"embeddable":true,"href":"https:\/\/fundacioncarf.org\/de\/wp-json\/wp\/v2\/pages\/170000"}],"wp:featuredmedia":[{"embeddable":true,"href":"https:\/\/fundacioncarf.org\/de\/wp-json\/wp\/v2\/media\/227648"}],"wp:attachment":[{"href":"https:\/\/fundacioncarf.org\/de\/wp-json\/wp\/v2\/media?parent=195033"}],"curies":[{"name":"wp","href":"https:\/\/api.w.org\/{rel}","templated":true}]}}