{"id":179738,"date":"2025-04-30T06:00:07","date_gmt":"2025-04-30T04:00:07","guid":{"rendered":"https:\/\/carfundacion.roymo.info\/?page_id=179738"},"modified":"2025-11-28T11:09:57","modified_gmt":"2025-11-28T10:09:57","slug":"pon-cara-a-tu-donativo","status":"publish","type":"page","link":"https:\/\/fundacioncarf.org\/de\/donar\/pon-cara-a-tu-donativo\/","title":{"rendered":"Geben Sie Ihrer Spende ein Gesicht"},"content":{"rendered":"","protected":false},"excerpt":{"rendered":"<p>Geben Sie Ihrer Spende ein Gesicht und Sie werden Gottes L\u00e4cheln auf der ganzen Welt verbreiten. Schenken Sie Seminaristen und Di\u00f6zesanpriestern auf der ganzen Welt eine umfassende Ausbildung. Sie werden Ihr Leben ver\u00e4ndern, ohne dass Sie es merken.<\/p>","protected":false},"author":4,"featured_media":219048,"parent":170000,"menu_order":0,"comment_status":"closed","ping_status":"closed","template":"","meta":{"_acf_changed":false,"give_campaign_id":0,"footnotes":""},"class_list":["post-179738","page","type-page","status-publish","has-post-thumbnail","hentry"],"acf":[],"campaignId":"0","_links":{"self":[{"href":"https:\/\/fundacioncarf.org\/de\/wp-json\/wp\/v2\/pages\/179738","targetHints":{"allow":["GET"]}}],"collection":[{"href":"https:\/\/fundacioncarf.org\/de\/wp-json\/wp\/v2\/pages"}],"about":[{"href":"https:\/\/fundacioncarf.org\/de\/wp-json\/wp\/v2\/types\/page"}],"author":[{"embeddable":true,"href":"https:\/\/fundacioncarf.org\/de\/wp-json\/wp\/v2\/users\/4"}],"replies":[{"embeddable":true,"href":"https:\/\/fundacioncarf.org\/de\/wp-json\/wp\/v2\/comments?post=179738"}],"version-history":[{"count":8,"href":"https:\/\/fundacioncarf.org\/de\/wp-json\/wp\/v2\/pages\/179738\/revisions"}],"predecessor-version":[{"id":226844,"href":"https:\/\/fundacioncarf.org\/de\/wp-json\/wp\/v2\/pages\/179738\/revisions\/226844"}],"up":[{"embeddable":true,"href":"https:\/\/fundacioncarf.org\/de\/wp-json\/wp\/v2\/pages\/170000"}],"wp:featuredmedia":[{"embeddable":true,"href":"https:\/\/fundacioncarf.org\/de\/wp-json\/wp\/v2\/media\/219048"}],"wp:attachment":[{"href":"https:\/\/fundacioncarf.org\/de\/wp-json\/wp\/v2\/media?parent=179738"}],"curies":[{"name":"wp","href":"https:\/\/api.w.org\/{rel}","templated":true}]}}