{"id":179706,"date":"2023-03-14T12:21:34","date_gmt":"2023-03-14T11:21:34","guid":{"rendered":"https:\/\/carfundacion.roymo.info\/?page_id=179706"},"modified":"2025-12-22T15:51:19","modified_gmt":"2025-12-22T14:51:19","slug":"preguntas-frecuentes-habituales-fundacion-carf","status":"publish","type":"page","link":"https:\/\/fundacioncarf.org\/de\/preguntas-frecuentes-habituales-fundacion-carf\/","title":{"rendered":"H\u00e4ufig gestellte Fragen"},"content":{"rendered":"","protected":false},"excerpt":{"rendered":"<p>9 h\u00e4ufig gestellte Fragen, die uns bei der CARF Foundation h\u00e4ufig gestellt werden. Wie Sie Seminaristen und Priestern helfen und welche Steuervorteile Sie erhalten k\u00f6nnen. Auf dieser Seite finden Sie Antworten auf einige der am h\u00e4ufigsten gestellten Fragen.<\/p>","protected":false},"author":4,"featured_media":227339,"parent":0,"menu_order":0,"comment_status":"closed","ping_status":"closed","template":"","meta":{"_acf_changed":false,"give_campaign_id":0,"footnotes":""},"class_list":["post-179706","page","type-page","status-publish","has-post-thumbnail","hentry"],"acf":[],"campaignId":"0","_links":{"self":[{"href":"https:\/\/fundacioncarf.org\/de\/wp-json\/wp\/v2\/pages\/179706","targetHints":{"allow":["GET"]}}],"collection":[{"href":"https:\/\/fundacioncarf.org\/de\/wp-json\/wp\/v2\/pages"}],"about":[{"href":"https:\/\/fundacioncarf.org\/de\/wp-json\/wp\/v2\/types\/page"}],"author":[{"embeddable":true,"href":"https:\/\/fundacioncarf.org\/de\/wp-json\/wp\/v2\/users\/4"}],"replies":[{"embeddable":true,"href":"https:\/\/fundacioncarf.org\/de\/wp-json\/wp\/v2\/comments?post=179706"}],"version-history":[{"count":6,"href":"https:\/\/fundacioncarf.org\/de\/wp-json\/wp\/v2\/pages\/179706\/revisions"}],"predecessor-version":[{"id":216873,"href":"https:\/\/fundacioncarf.org\/de\/wp-json\/wp\/v2\/pages\/179706\/revisions\/216873"}],"wp:featuredmedia":[{"embeddable":true,"href":"https:\/\/fundacioncarf.org\/de\/wp-json\/wp\/v2\/media\/227339"}],"wp:attachment":[{"href":"https:\/\/fundacioncarf.org\/de\/wp-json\/wp\/v2\/media?parent=179706"}],"curies":[{"name":"wp","href":"https:\/\/api.w.org\/{rel}","templated":true}]}}