{"id":173704,"date":"2023-03-01T08:40:02","date_gmt":"2023-03-01T07:40:02","guid":{"rendered":"https:\/\/carfundacion.roymo.info\/?page_id=173704"},"modified":"2025-02-27T17:39:25","modified_gmt":"2025-02-27T16:39:25","slug":"suscripcion-boletin-semestral-fundacion-carf","status":"publish","type":"page","link":"https:\/\/fundacioncarf.org\/de\/suscripcion-boletin-semestral-fundacion-carf\/","title":{"rendered":"Abonnement"},"content":{"rendered":"","protected":false},"excerpt":{"rendered":"<p>Hier k\u00f6nnen Sie den halbj\u00e4hrlich erscheinenden Newsletter mit Neuigkeiten, Erfahrungsberichten und Geschichten der CARF Foundation und ihrer Wohlt\u00e4ter und Freunde abonnieren.<\/p>","protected":false},"author":4,"featured_media":178899,"parent":0,"menu_order":0,"comment_status":"closed","ping_status":"closed","template":"","meta":{"_acf_changed":false,"give_campaign_id":0,"footnotes":""},"class_list":["post-173704","page","type-page","status-publish","has-post-thumbnail","hentry"],"acf":[],"campaignId":"","_links":{"self":[{"href":"https:\/\/fundacioncarf.org\/de\/wp-json\/wp\/v2\/pages\/173704","targetHints":{"allow":["GET"]}}],"collection":[{"href":"https:\/\/fundacioncarf.org\/de\/wp-json\/wp\/v2\/pages"}],"about":[{"href":"https:\/\/fundacioncarf.org\/de\/wp-json\/wp\/v2\/types\/page"}],"author":[{"embeddable":true,"href":"https:\/\/fundacioncarf.org\/de\/wp-json\/wp\/v2\/users\/4"}],"replies":[{"embeddable":true,"href":"https:\/\/fundacioncarf.org\/de\/wp-json\/wp\/v2\/comments?post=173704"}],"version-history":[{"count":5,"href":"https:\/\/fundacioncarf.org\/de\/wp-json\/wp\/v2\/pages\/173704\/revisions"}],"predecessor-version":[{"id":223984,"href":"https:\/\/fundacioncarf.org\/de\/wp-json\/wp\/v2\/pages\/173704\/revisions\/223984"}],"wp:featuredmedia":[{"embeddable":true,"href":"https:\/\/fundacioncarf.org\/de\/wp-json\/wp\/v2\/media\/178899"}],"wp:attachment":[{"href":"https:\/\/fundacioncarf.org\/de\/wp-json\/wp\/v2\/media?parent=173704"}],"curies":[{"name":"wp","href":"https:\/\/api.w.org\/{rel}","templated":true}]}}