{"id":172895,"date":"2023-02-20T09:19:01","date_gmt":"2023-02-20T08:19:01","guid":{"rendered":"https:\/\/carfundacion.roymo.info\/?page_id=172895"},"modified":"2026-01-08T14:15:27","modified_gmt":"2026-01-08T13:15:27","slug":"reza-misa-difuntos","status":"publish","type":"page","link":"https:\/\/fundacioncarf.org\/de\/santa-misa\/reza-misa-difuntos\/","title":{"rendered":"Beten Sie die Messe f\u00fcr den Verstorbenen"},"content":{"rendered":"","protected":false},"excerpt":{"rendered":"<p>Beten Sie f\u00fcr die Verstorbenen. Die Heilige Messe ist der gr\u00f6\u00dfte Akt der Liebe und Barmherzigkeit f\u00fcr die Menschen, die wir lieben: die Wohlt\u00e4ter und Freunde der Stiftung CARF. <\/p>","protected":false},"author":4,"featured_media":227577,"parent":170162,"menu_order":0,"comment_status":"closed","ping_status":"closed","template":"","meta":{"_acf_changed":false,"give_campaign_id":0,"footnotes":""},"class_list":["post-172895","page","type-page","status-publish","has-post-thumbnail","hentry"],"acf":[],"campaignId":"0","_links":{"self":[{"href":"https:\/\/fundacioncarf.org\/de\/wp-json\/wp\/v2\/pages\/172895","targetHints":{"allow":["GET"]}}],"collection":[{"href":"https:\/\/fundacioncarf.org\/de\/wp-json\/wp\/v2\/pages"}],"about":[{"href":"https:\/\/fundacioncarf.org\/de\/wp-json\/wp\/v2\/types\/page"}],"author":[{"embeddable":true,"href":"https:\/\/fundacioncarf.org\/de\/wp-json\/wp\/v2\/users\/4"}],"replies":[{"embeddable":true,"href":"https:\/\/fundacioncarf.org\/de\/wp-json\/wp\/v2\/comments?post=172895"}],"version-history":[{"count":6,"href":"https:\/\/fundacioncarf.org\/de\/wp-json\/wp\/v2\/pages\/172895\/revisions"}],"predecessor-version":[{"id":221668,"href":"https:\/\/fundacioncarf.org\/de\/wp-json\/wp\/v2\/pages\/172895\/revisions\/221668"}],"up":[{"embeddable":true,"href":"https:\/\/fundacioncarf.org\/de\/wp-json\/wp\/v2\/pages\/170162"}],"wp:featuredmedia":[{"embeddable":true,"href":"https:\/\/fundacioncarf.org\/de\/wp-json\/wp\/v2\/media\/227577"}],"wp:attachment":[{"href":"https:\/\/fundacioncarf.org\/de\/wp-json\/wp\/v2\/media?parent=172895"}],"curies":[{"name":"wp","href":"https:\/\/api.w.org\/{rel}","templated":true}]}}