{"id":172890,"date":"2023-02-20T08:09:57","date_gmt":"2023-02-20T07:09:57","guid":{"rendered":"https:\/\/carfundacion.roymo.info\/?page_id=172890"},"modified":"2025-02-27T13:31:46","modified_gmt":"2025-02-27T12:31:46","slug":"reza-por-sacerdotes","status":"publish","type":"page","link":"https:\/\/fundacioncarf.org\/de\/sacerdocio\/reza-por-sacerdotes\/","title":{"rendered":"Beten Sie f\u00fcr die Priester"},"content":{"rendered":"","protected":false},"excerpt":{"rendered":"<p>Beten Sie f\u00fcr die Priester, dass sie in der Lage sind, die Mission, die Gott ihnen anvertraut hat, auf heilige Weise auszuf\u00fchren. <\/p>","protected":false},"author":4,"featured_media":183020,"parent":169905,"menu_order":0,"comment_status":"closed","ping_status":"closed","template":"","meta":{"_acf_changed":false,"give_campaign_id":0,"footnotes":""},"class_list":["post-172890","page","type-page","status-publish","has-post-thumbnail","hentry"],"acf":[],"campaignId":"","_links":{"self":[{"href":"https:\/\/fundacioncarf.org\/de\/wp-json\/wp\/v2\/pages\/172890","targetHints":{"allow":["GET"]}}],"collection":[{"href":"https:\/\/fundacioncarf.org\/de\/wp-json\/wp\/v2\/pages"}],"about":[{"href":"https:\/\/fundacioncarf.org\/de\/wp-json\/wp\/v2\/types\/page"}],"author":[{"embeddable":true,"href":"https:\/\/fundacioncarf.org\/de\/wp-json\/wp\/v2\/users\/4"}],"replies":[{"embeddable":true,"href":"https:\/\/fundacioncarf.org\/de\/wp-json\/wp\/v2\/comments?post=172890"}],"version-history":[{"count":3,"href":"https:\/\/fundacioncarf.org\/de\/wp-json\/wp\/v2\/pages\/172890\/revisions"}],"predecessor-version":[{"id":195850,"href":"https:\/\/fundacioncarf.org\/de\/wp-json\/wp\/v2\/pages\/172890\/revisions\/195850"}],"up":[{"embeddable":true,"href":"https:\/\/fundacioncarf.org\/de\/wp-json\/wp\/v2\/pages\/169905"}],"wp:featuredmedia":[{"embeddable":true,"href":"https:\/\/fundacioncarf.org\/de\/wp-json\/wp\/v2\/media\/183020"}],"wp:attachment":[{"href":"https:\/\/fundacioncarf.org\/de\/wp-json\/wp\/v2\/media?parent=172890"}],"curies":[{"name":"wp","href":"https:\/\/api.w.org\/{rel}","templated":true}]}}